{"id":322,"date":"2023-04-06T20:01:42","date_gmt":"2023-04-06T20:01:42","guid":{"rendered":"https:\/\/plantillas.red2000.com.mx\/royalvillasresort\/?page_id=322"},"modified":"2023-07-10T18:19:39","modified_gmt":"2023-07-10T18:19:39","slug":"actividades","status":"publish","type":"page","link":"https:\/\/plantillas.red2000.com.mx\/royalvillasresort\/actividades\/","title":{"rendered":"Actividades"},"content":{"rendered":"<p>[et_pb_section fb_built=\u00bb1&#8243; fullwidth=\u00bbon\u00bb _builder_version=\u00bb4.15.1&#8243; _module_preset=\u00bbdefault\u00bb hover_enabled=\u00bb0&#8243; global_colors_info=\u00bb{}\u00bb custom_margin=\u00bb0px||0px||true|false\u00bb custom_padding=\u00bb0px||0px||true|false\u00bb sticky_enabled=\u00bb0&#8243;][et_pb_fullwidth_slider use_bg_overlay=\u00bboff\u00bb use_text_overlay=\u00bboff\u00bb _builder_version=\u00bb4.15.1&#8243; _module_preset=\u00bbdefault\u00bb header_font=\u00bbAmiri||||||||\u00bb header_text_align=\u00bbcenter\u00bb header_font_size=\u00bb52px\u00bb custom_button=\u00bbon\u00bb button_text_size=\u00bb20px\u00bb button_border_radius=\u00bb0px\u00bb button_font=\u00bb|||on|||||\u00bb button_use_icon=\u00bboff\u00bb height_tablet=\u00bb300px\u00bb height_phone=\u00bb200px\u00bb height_last_edited=\u00bbon|phone\u00bb header_font_size_tablet=\u00bb32px\u00bb header_font_size_phone=\u00bb28px\u00bb header_font_size_last_edited=\u00bbon|phone\u00bb button_text_size_tablet=\u00bb16px\u00bb button_text_size_phone=\u00bb12px\u00bb button_text_size_last_edited=\u00bbon|phone\u00bb global_colors_info=\u00bb{}\u00bb][et_pb_slide use_bg_overlay=\u00bbon\u00bb bg_overlay_color=\u00bbrgba(0,0,0,0.21)\u00bb _builder_version=\u00bb4.15.1&#8243; _module_preset=\u00bbdefault\u00bb background_enable_color=\u00bboff\u00bb background_image=\u00bbhttps:\/\/plantillas.red2000.com.mx\/royalvillasresort\/wp-content\/uploads\/2023\/07\/header-actividades.jpg\u00bb background_enable_image=\u00bbon\u00bb global_colors_info=\u00bb{}\u00bb sticky_transition=\u00bbon\u00bb][\/et_pb_slide][\/et_pb_fullwidth_slider][\/et_pb_section][et_pb_section fb_built=\u00bb1&#8243; _builder_version=\u00bb4.15.1&#8243; _module_preset=\u00bbdefault\u00bb hover_enabled=\u00bb0&#8243; global_colors_info=\u00bb{}\u00bb background_color=\u00bb#fcfcfc\u00bb sticky_enabled=\u00bb0&#8243; custom_padding=\u00bb||||false|false\u00bb][et_pb_row _builder_version=\u00bb4.15.1&#8243; _module_preset=\u00bbdefault\u00bb custom_margin_tablet=\u00bb||||false|false\u00bb custom_margin_phone=\u00bb||||false|false\u00bb custom_margin_last_edited=\u00bbon|phone\u00bb hover_enabled=\u00bb0&#8243; global_colors_info=\u00bb{}\u00bb sticky_enabled=\u00bb0&#8243; custom_padding=\u00bb100px||60px||false|false\u00bb custom_padding_last_edited=\u00bbon|phone\u00bb custom_padding_tablet=\u00bb60px||40px||false|false\u00bb custom_padding_phone=\u00bb60px||40px||false|false\u00bb][et_pb_column type=\u00bb4_4&#8243; _builder_version=\u00bb4.15.1&#8243; _module_preset=\u00bbdefault\u00bb global_colors_info=\u00bb{}\u00bb][et_pb_text _builder_version=\u00bb4.15.1&#8243; _module_preset=\u00bbdefault\u00bb text_text_color=\u00bb#00233a\u00bb header_font=\u00bbKenoky|||on|||||\u00bb header_text_align=\u00bbcenter\u00bb header_text_color=\u00bb#00233a\u00bb header_font_size=\u00bb68px\u00bb header_2_font=\u00bbAmiri|||on|||||\u00bb header_2_text_align=\u00bbcenter\u00bb header_2_text_color=\u00bb#FFFFFF\u00bb header_2_font_size=\u00bb42px\u00bb header_font_size_tablet=\u00bb38px\u00bb header_font_size_phone=\u00bb34px\u00bb header_font_size_last_edited=\u00bbon|phone\u00bb global_colors_info=\u00bb{}\u00bb]<\/p>\n<h1>Actividades<\/h1>\n<p>[\/et_pb_text][\/et_pb_column][\/et_pb_row][et_pb_row column_structure=\u00bb1_3,1_3,1_3&#8243; _builder_version=\u00bb4.15.1&#8243; _module_preset=\u00bbdefault\u00bb custom_padding=\u00bb||2px|||\u00bb hover_enabled=\u00bb0&#8243; global_colors_info=\u00bb{}\u00bb sticky_enabled=\u00bb0&#8243;][et_pb_column type=\u00bb1_3&#8243; _builder_version=\u00bb4.15.1&#8243; _module_preset=\u00bbdefault\u00bb global_colors_info=\u00bb{}\u00bb][et_pb_blurb title=\u00bbHUANACOA\u00bb image=\u00bbhttps:\/\/plantillas.red2000.com.mx\/royalvillasresort\/wp-content\/uploads\/2023\/04\/huanacoa.jpeg\u00bb image_icon_width=\u00bb100%\u00bb _builder_version=\u00bb4.15.1&#8243; _module_preset=\u00bbdefault\u00bb header_font=\u00bbKenoky||||||||\u00bb header_text_color=\u00bb#00233a\u00bb header_font_size=\u00bb24px\u00bb body_text_align=\u00bbjustify\u00bb hover_enabled=\u00bb0&#8243; header_text_align_tablet=\u00bbcenter\u00bb header_text_align_phone=\u00bbcenter\u00bb header_text_align_last_edited=\u00bbon|phone\u00bb global_colors_info=\u00bb{}\u00bb body_text_color=\u00bb#000000&#8243; body_font_size=\u00bb18px\u00bb sticky_enabled=\u00bb0&#8243; box_shadow_style=\u00bbpreset1&#8243; text_orientation=\u00bbcenter\u00bb custom_margin=\u00bb||||false|false\u00bb custom_padding=\u00bb||25px||false|false\u00bb border_width_bottom=\u00bb4px\u00bb height=\u00bb450px\u00bb height_last_edited=\u00bbon|phone\u00bb height_tablet=\u00bb500px\u00bb height_phone=\u00bb450px\u00bb border_color_all=\u00bb#00233a\u00bb]<\/p>\n<p style=\"margin: 0 15px;\">El parque esta ubicado en las estribaciones de las monta\u00f1as de la Sierra Madre dentro de los terrenos de la Vinata de Los Osuna cerca del pueblo La Noria.<\/p>\n<p>[\/et_pb_blurb][\/et_pb_column][et_pb_column type=\u00bb1_3&#8243; _builder_version=\u00bb4.15.1&#8243; _module_preset=\u00bbdefault\u00bb global_colors_info=\u00bb{}\u00bb][et_pb_blurb title=\u00bbVINATA\u00bb image=\u00bbhttps:\/\/plantillas.red2000.com.mx\/royalvillasresort\/wp-content\/uploads\/2023\/04\/osuna.jpeg\u00bb image_icon_width=\u00bb100%\u00bb _builder_version=\u00bb4.15.1&#8243; _module_preset=\u00bbdefault\u00bb header_font=\u00bbKenoky||||||||\u00bb header_text_color=\u00bb#00233a\u00bb header_font_size=\u00bb24px\u00bb body_text_align=\u00bbjustify\u00bb hover_enabled=\u00bb0&#8243; header_text_align_tablet=\u00bbcenter\u00bb header_text_align_phone=\u00bbcenter\u00bb header_text_align_last_edited=\u00bbon|phone\u00bb global_colors_info=\u00bb{}\u00bb body_text_color=\u00bb#000000&#8243; body_font_size=\u00bb18px\u00bb sticky_enabled=\u00bb0&#8243; box_shadow_style=\u00bbpreset1&#8243; text_orientation=\u00bbcenter\u00bb custom_margin=\u00bb||||false|false\u00bb custom_padding=\u00bb||25px||false|false\u00bb border_width_bottom=\u00bb4px\u00bb title_text=\u00bbosuna\u00bb height=\u00bb450px\u00bb height_last_edited=\u00bbon|phone\u00bb height_tablet=\u00bb500px\u00bb height_phone=\u00bb450px\u00bb border_color_bottom=\u00bb#00233a\u00bb]<\/p>\n<p style=\"margin: 0 15px;\">El sur de Sinaloa cuenta con una rica historia en la siembra y cosecha de Agave Azul y la producci\u00f3n de \u00abmezcal\u00bb.<\/p>\n<p>[\/et_pb_blurb][\/et_pb_column][et_pb_column type=\u00bb1_3&#8243; _builder_version=\u00bb4.15.1&#8243; _module_preset=\u00bbdefault\u00bb global_colors_info=\u00bb{}\u00bb][et_pb_blurb title=\u00bbATV&#8217;S\u00bb image=\u00bbhttps:\/\/plantillas.red2000.com.mx\/royalvillasresort\/wp-content\/uploads\/2023\/04\/atv.jpeg\u00bb image_icon_width=\u00bb100%\u00bb _builder_version=\u00bb4.15.1&#8243; _module_preset=\u00bbdefault\u00bb header_font=\u00bbKenoky||||||||\u00bb header_text_color=\u00bb#00233a\u00bb header_font_size=\u00bb24px\u00bb body_text_align=\u00bbjustify\u00bb hover_enabled=\u00bb0&#8243; header_text_align_tablet=\u00bbcenter\u00bb header_text_align_phone=\u00bbcenter\u00bb header_text_align_last_edited=\u00bbon|phone\u00bb global_colors_info=\u00bb{}\u00bb body_text_color=\u00bb#000000&#8243; body_font_size=\u00bb18px\u00bb sticky_enabled=\u00bb0&#8243; box_shadow_style=\u00bbpreset1&#8243; text_orientation=\u00bbcenter\u00bb custom_margin=\u00bb||||false|false\u00bb custom_padding=\u00bb||25px||false|false\u00bb border_width_bottom=\u00bb4px\u00bb title_text=\u00bbatv\u00bb height=\u00bb450px\u00bb height_last_edited=\u00bbon|phone\u00bb height_tablet=\u00bb500px\u00bb height_phone=\u00bb450px\u00bb border_color_bottom=\u00bb#00233a\u00bb]<\/p>\n<p style=\"margin: 0 15px;\">Vive la adrenalina de manejar las cuatrimotos todo terreno en caminos y pasajes hermosos llenos de vegetaci\u00f3n localizados alrededor de la villa colonial de La Noria.<\/p>\n<p>[\/et_pb_blurb][\/et_pb_column][\/et_pb_row][et_pb_row column_structure=\u00bb1_3,1_3,1_3&#8243; _builder_version=\u00bb4.15.1&#8243; _module_preset=\u00bbdefault\u00bb custom_padding=\u00bb||2px|||\u00bb hover_enabled=\u00bb0&#8243; global_colors_info=\u00bb{}\u00bb sticky_enabled=\u00bb0&#8243;][et_pb_column type=\u00bb1_3&#8243; _builder_version=\u00bb4.15.1&#8243; _module_preset=\u00bbdefault\u00bb global_colors_info=\u00bb{}\u00bb][et_pb_blurb title=\u00bbISLA VENADOS PASEO\u00bb image=\u00bbhttps:\/\/plantillas.red2000.com.mx\/royalvillasresort\/wp-content\/uploads\/2023\/04\/isla.jpeg\u00bb image_icon_width=\u00bb100%\u00bb _builder_version=\u00bb4.15.1&#8243; _module_preset=\u00bbdefault\u00bb header_font=\u00bbKenoky||||||||\u00bb header_text_color=\u00bb#00233a\u00bb header_font_size=\u00bb24px\u00bb body_text_align=\u00bbjustify\u00bb hover_enabled=\u00bb0&#8243; header_text_align_tablet=\u00bbcenter\u00bb header_text_align_phone=\u00bbcenter\u00bb header_text_align_last_edited=\u00bbon|phone\u00bb global_colors_info=\u00bb{}\u00bb body_text_color=\u00bb#000000&#8243; body_font_size=\u00bb18px\u00bb sticky_enabled=\u00bb0&#8243; box_shadow_style=\u00bbpreset1&#8243; text_orientation=\u00bbcenter\u00bb custom_margin=\u00bb||||false|false\u00bb custom_padding=\u00bb||25px||false|false\u00bb border_width_bottom=\u00bb4px\u00bb height=\u00bb550px\u00bb height_last_edited=\u00bbon|phone\u00bb height_tablet=\u00bb500px\u00bb height_phone=\u00bb450px\u00bb border_color_bottom=\u00bb#00233a\u00bb title_text=\u00bbisla\u00bb]<\/p>\n<p style=\"margin: 0 15px;\">La Isla de Venados o popularmente conocida como \u00abIsla del Medio\u00bb es la m\u00e1s grande de las Tres Islas que se encuentran en Mazatl\u00e1n.<\/p>\n<p>[\/et_pb_blurb][\/et_pb_column][et_pb_column type=\u00bb1_3&#8243; _builder_version=\u00bb4.15.1&#8243; _module_preset=\u00bbdefault\u00bb global_colors_info=\u00bb{}\u00bb][et_pb_blurb title=\u00bbKAYAK\u00bb image=\u00bbhttps:\/\/plantillas.red2000.com.mx\/royalvillasresort\/wp-content\/uploads\/2023\/04\/mazatlan-kayak.jpeg\u00bb image_icon_width=\u00bb100%\u00bb _builder_version=\u00bb4.15.1&#8243; _module_preset=\u00bbdefault\u00bb header_font=\u00bbKenoky||||||||\u00bb header_text_color=\u00bb#00233a\u00bb header_font_size=\u00bb24px\u00bb body_text_align=\u00bbjustify\u00bb hover_enabled=\u00bb0&#8243; header_text_align_tablet=\u00bbcenter\u00bb header_text_align_phone=\u00bbcenter\u00bb header_text_align_last_edited=\u00bbon|phone\u00bb global_colors_info=\u00bb{}\u00bb body_text_color=\u00bb#000000&#8243; body_font_size=\u00bb18px\u00bb sticky_enabled=\u00bb0&#8243; box_shadow_style=\u00bbpreset1&#8243; text_orientation=\u00bbcenter\u00bb custom_margin=\u00bb||||false|false\u00bb custom_padding=\u00bb||25px||false|false\u00bb border_width_bottom=\u00bb4px\u00bb title_text=\u00bbmazatlan-kayak\u00bb height=\u00bb550px\u00bb height_last_edited=\u00bbon|phone\u00bb height_tablet=\u00bb450px\u00bb height_phone=\u00bb500px\u00bb border_color_bottom=\u00bb#00233a\u00bb]<\/p>\n<p style=\"margin: 0 15px;\"><span>Rema a bordo de un kayak por la bah\u00eda de Mazatl\u00e1n y disfruta de una excelente vista.<\/span><\/p>\n<p>[\/et_pb_blurb][\/et_pb_column][et_pb_column type=\u00bb1_3&#8243; _builder_version=\u00bb4.15.1&#8243; _module_preset=\u00bbdefault\u00bb global_colors_info=\u00bb{}\u00bb][et_pb_blurb title=\u00bbGRAN ACUARIO MAZATLAN\u00bb image=\u00bbhttps:\/\/plantillas.red2000.com.mx\/royalvillasresort\/wp-content\/uploads\/2023\/04\/atv.jpeg\u00bb image_icon_width=\u00bb100%\u00bb _builder_version=\u00bb4.15.1&#8243; _module_preset=\u00bbdefault\u00bb header_font=\u00bbKenoky||||||||\u00bb header_text_color=\u00bb#00233a\u00bb header_font_size=\u00bb24px\u00bb body_text_align=\u00bbjustify\u00bb hover_enabled=\u00bb0&#8243; header_text_align_tablet=\u00bbcenter\u00bb header_text_align_phone=\u00bbcenter\u00bb header_text_align_last_edited=\u00bbon|phone\u00bb global_colors_info=\u00bb{}\u00bb body_text_color=\u00bb#000000&#8243; body_font_size=\u00bb18px\u00bb sticky_enabled=\u00bb0&#8243; box_shadow_style=\u00bbpreset1&#8243; text_orientation=\u00bbcenter\u00bb custom_margin=\u00bb||||false|false\u00bb custom_padding=\u00bb||25px||false|false\u00bb border_width_bottom=\u00bb4px\u00bb title_text=\u00bbatv\u00bb height=\u00bb550px\u00bb height_last_edited=\u00bbon|phone\u00bb height_tablet=\u00bb500px\u00bb height_phone=\u00bb500px\u00bb]<\/p>\n<p style=\"margin: 0 15px;\"><span>Es el m\u00e1s grande de M\u00e9xico y m\u00e1s importante en Latinoam\u00e9rica, dedicado al Mar de Cort\u00e9s. Con un enfoque en la educaci\u00f3n, la investigaci\u00f3n y divulgaci\u00f3n del conocimiento, marcar\u00e1 un referente en los acuarios del mundo.<br \/><\/span><\/p>\n<p>[\/et_pb_blurb][\/et_pb_column][\/et_pb_row][et_pb_row column_structure=\u00bb1_3,1_3,1_3&#8243; _builder_version=\u00bb4.15.1&#8243; _module_preset=\u00bbdefault\u00bb custom_padding=\u00bb||2px|||\u00bb hover_enabled=\u00bb0&#8243; global_colors_info=\u00bb{}\u00bb sticky_enabled=\u00bb0&#8243;][et_pb_column type=\u00bb1_3&#8243; _builder_version=\u00bb4.15.1&#8243; _module_preset=\u00bbdefault\u00bb global_colors_info=\u00bb{}\u00bb][et_pb_blurb title=\u00bbMALECON\u00bb image=\u00bbhttps:\/\/plantillas.red2000.com.mx\/royalvillasresort\/wp-content\/uploads\/2023\/04\/malecon-mazatlan.jpeg\u00bb image_icon_width=\u00bb100%\u00bb _builder_version=\u00bb4.15.1&#8243; _module_preset=\u00bbdefault\u00bb header_font=\u00bbKenoky||||||||\u00bb header_text_color=\u00bb#00233a\u00bb header_font_size=\u00bb24px\u00bb body_text_align=\u00bbjustify\u00bb hover_enabled=\u00bb0&#8243; header_text_align_tablet=\u00bbcenter\u00bb header_text_align_phone=\u00bbcenter\u00bb header_text_align_last_edited=\u00bbon|phone\u00bb global_colors_info=\u00bb{}\u00bb body_text_color=\u00bb#000000&#8243; body_font_size=\u00bb18px\u00bb sticky_enabled=\u00bb0&#8243; box_shadow_style=\u00bbpreset1&#8243; text_orientation=\u00bbcenter\u00bb custom_margin=\u00bb||||false|false\u00bb custom_padding=\u00bb||25px||false|false\u00bb border_width_bottom=\u00bb4px\u00bb height=\u00bb550px\u00bb height_last_edited=\u00bbon|phone\u00bb height_tablet=\u00bb500px\u00bb height_phone=\u00bb450px\u00bb border_color_bottom=\u00bb#00233a\u00bb title_text=\u00bbmalecon-mazatlan\u00bb]<\/p>\n<p style=\"margin: 0 15px;\">El Malec\u00f3n de Mazatl\u00e1n es considerado uno de lo m\u00e1s largos del mundo, en \u00e9l se pueden apreciar muchos de los m\u00e1s hermosos atractivos de Mazatl\u00e1n como son sus playas, atardeceres y el mar.<\/p>\n<p>[\/et_pb_blurb][\/et_pb_column][et_pb_column type=\u00bb1_3&#8243; _builder_version=\u00bb4.15.1&#8243; _module_preset=\u00bbdefault\u00bb global_colors_info=\u00bb{}\u00bb][et_pb_blurb title=\u00bbCENTRO HISTORICO\u00bb image=\u00bbhttps:\/\/plantillas.red2000.com.mx\/royalvillasresort\/wp-content\/uploads\/2023\/04\/plazuela-machado.jpeg\u00bb image_icon_width=\u00bb100%\u00bb _builder_version=\u00bb4.15.1&#8243; _module_preset=\u00bbdefault\u00bb header_font=\u00bbKenoky||||||||\u00bb header_text_color=\u00bb#00233a\u00bb header_font_size=\u00bb24px\u00bb body_text_align=\u00bbjustify\u00bb hover_enabled=\u00bb0&#8243; header_text_align_tablet=\u00bbcenter\u00bb header_text_align_phone=\u00bbcenter\u00bb header_text_align_last_edited=\u00bbon|phone\u00bb global_colors_info=\u00bb{}\u00bb body_text_color=\u00bb#000000&#8243; body_font_size=\u00bb18px\u00bb sticky_enabled=\u00bb0&#8243; box_shadow_style=\u00bbpreset1&#8243; text_orientation=\u00bbcenter\u00bb custom_margin=\u00bb||||false|false\u00bb custom_padding=\u00bb||25px||false|false\u00bb border_width_bottom=\u00bb4px\u00bb title_text=\u00bbplazuela-machado\u00bb height=\u00bb550px\u00bb height_last_edited=\u00bbon|phone\u00bb height_tablet=\u00bb450px\u00bb height_phone=\u00bb500px\u00bb border_color_bottom=\u00bb#00233a\u00bb]<\/p>\n<p style=\"margin: 0 15px;\"><span>La Plazuela Machado es un lugar inmejorable para cenar o tomar una copa en alguno de sus bares y restaurantes ubicada en el centro hist\u00f3rico de Mazatl\u00e1n. <\/span><\/p>\n<p>[\/et_pb_blurb][\/et_pb_column][et_pb_column type=\u00bb1_3&#8243; _builder_version=\u00bb4.15.1&#8243; _module_preset=\u00bbdefault\u00bb global_colors_info=\u00bb{}\u00bb][et_pb_blurb title=\u00bbTRANSPORTE\u00bb image=\u00bbhttps:\/\/plantillas.red2000.com.mx\/royalvillasresort\/wp-content\/uploads\/2023\/04\/la-pulmonia.jpeg\u00bb image_icon_width=\u00bb100%\u00bb _builder_version=\u00bb4.15.1&#8243; _module_preset=\u00bbdefault\u00bb header_font=\u00bbKenoky||||||||\u00bb header_text_color=\u00bb#00233a\u00bb header_font_size=\u00bb24px\u00bb body_text_align=\u00bbjustify\u00bb hover_enabled=\u00bb0&#8243; header_text_align_tablet=\u00bbcenter\u00bb header_text_align_phone=\u00bbcenter\u00bb header_text_align_last_edited=\u00bbon|phone\u00bb global_colors_info=\u00bb{}\u00bb body_text_color=\u00bb#000000&#8243; body_font_size=\u00bb18px\u00bb sticky_enabled=\u00bb0&#8243; box_shadow_style=\u00bbpreset1&#8243; text_orientation=\u00bbcenter\u00bb custom_margin=\u00bb||||false|false\u00bb custom_padding=\u00bb||25px||false|false\u00bb border_width_bottom=\u00bb4px\u00bb title_text=\u00bbla-pulmonia\u00bb height=\u00bb550px\u00bb height_last_edited=\u00bbon|phone\u00bb height_tablet=\u00bb500px\u00bb height_phone=\u00bb500px\u00bb]<\/p>\n<p style=\"margin: 0 15px;\"><span>Disfrute de un paseo en pulmon\u00eda un veh\u00edculo para cuatro pasajeros m\u00e1ximo con su propio conductor privado uno de los veh\u00edculos m\u00e1s populares y tradicionales de Mazatl\u00e1n<br \/><\/span><\/p>\n<p>[\/et_pb_blurb][\/et_pb_column][\/et_pb_row][et_pb_row column_structure=\u00bb1_3,1_3,1_3&#8243; _builder_version=\u00bb4.15.1&#8243; _module_preset=\u00bbdefault\u00bb custom_padding=\u00bb||100px||false|false\u00bb hover_enabled=\u00bb0&#8243; global_colors_info=\u00bb{}\u00bb sticky_enabled=\u00bb0&#8243;][et_pb_column type=\u00bb1_3&#8243; _builder_version=\u00bb4.15.1&#8243; _module_preset=\u00bbdefault\u00bb global_colors_info=\u00bb{}\u00bb][\/et_pb_column][et_pb_column type=\u00bb1_3&#8243; _builder_version=\u00bb4.15.1&#8243; _module_preset=\u00bbdefault\u00bb global_colors_info=\u00bb{}\u00bb][et_pb_blurb title=\u00bbCASA DE LA CULTURA MAZATLAN\u00bb image=\u00bbhttps:\/\/plantillas.red2000.com.mx\/royalvillasresort\/wp-content\/uploads\/2023\/04\/cultura.jpeg\u00bb image_icon_width=\u00bb100%\u00bb _builder_version=\u00bb4.15.1&#8243; _module_preset=\u00bbdefault\u00bb header_font=\u00bbKenoky||||||||\u00bb header_text_color=\u00bb#00233a\u00bb header_font_size=\u00bb24px\u00bb body_text_align=\u00bbjustify\u00bb hover_enabled=\u00bb0&#8243; header_text_align_tablet=\u00bbcenter\u00bb header_text_align_phone=\u00bbcenter\u00bb header_text_align_last_edited=\u00bbon|phone\u00bb global_colors_info=\u00bb{}\u00bb body_text_color=\u00bb#000000&#8243; body_font_size=\u00bb18px\u00bb sticky_enabled=\u00bb0&#8243; box_shadow_style=\u00bbpreset1&#8243; text_orientation=\u00bbcenter\u00bb custom_margin=\u00bb||||false|false\u00bb custom_padding=\u00bb||25px||false|false\u00bb border_width_bottom=\u00bb4px\u00bb title_text=\u00bbcultura\u00bb height=\u00bb550px\u00bb height_last_edited=\u00bbon|phone\u00bb height_tablet=\u00bb450px\u00bb height_phone=\u00bb500px\u00bb border_color_bottom=\u00bb#00233a\u00bb]<\/p>\n<p style=\"margin: 0 15px;\"><span>CULTURA promueve y difunde la cultura y el arte como valores irrenunciables del ser humano. El Instituto trabaja para elevar la calidad art\u00edstica en el municipio y proyectar el talento de sus artistas y creadores.<br \/>www.culturamazatlan.com<\/span><\/p>\n<p>[\/et_pb_blurb][\/et_pb_column][et_pb_column type=\u00bb1_3&#8243; _builder_version=\u00bb4.15.1&#8243; _module_preset=\u00bbdefault\u00bb global_colors_info=\u00bb{}\u00bb][\/et_pb_column][\/et_pb_row][\/et_pb_section]<\/p>\n","protected":false},"excerpt":{"rendered":"<p>ActividadesEl parque esta ubicado en las estribaciones de las monta\u00f1as de la Sierra Madre dentro de los terrenos de la Vinata de Los Osuna cerca del pueblo La Noria.El sur de Sinaloa cuenta con una rica historia en la siembra y cosecha de Agave Azul y la producci\u00f3n de \u00abmezcal\u00bb.Vive la adrenalina de manejar las [&hellip;]<\/p>\n","protected":false},"author":1,"featured_media":0,"parent":0,"menu_order":0,"comment_status":"closed","ping_status":"closed","template":"","meta":{"_et_pb_use_builder":"on","_et_pb_old_content":"","_et_gb_content_width":""},"_links":{"self":[{"href":"https:\/\/plantillas.red2000.com.mx\/royalvillasresort\/wp-json\/wp\/v2\/pages\/322"}],"collection":[{"href":"https:\/\/plantillas.red2000.com.mx\/royalvillasresort\/wp-json\/wp\/v2\/pages"}],"about":[{"href":"https:\/\/plantillas.red2000.com.mx\/royalvillasresort\/wp-json\/wp\/v2\/types\/page"}],"author":[{"embeddable":true,"href":"https:\/\/plantillas.red2000.com.mx\/royalvillasresort\/wp-json\/wp\/v2\/users\/1"}],"replies":[{"embeddable":true,"href":"https:\/\/plantillas.red2000.com.mx\/royalvillasresort\/wp-json\/wp\/v2\/comments?post=322"}],"version-history":[{"count":8,"href":"https:\/\/plantillas.red2000.com.mx\/royalvillasresort\/wp-json\/wp\/v2\/pages\/322\/revisions"}],"predecessor-version":[{"id":1124,"href":"https:\/\/plantillas.red2000.com.mx\/royalvillasresort\/wp-json\/wp\/v2\/pages\/322\/revisions\/1124"}],"wp:attachment":[{"href":"https:\/\/plantillas.red2000.com.mx\/royalvillasresort\/wp-json\/wp\/v2\/media?parent=322"}],"curies":[{"name":"wp","href":"https:\/\/api.w.org\/{rel}","templated":true}]}}