{"id":336,"date":"2023-04-06T21:22:32","date_gmt":"2023-04-06T21:22:32","guid":{"rendered":"https:\/\/plantillas.red2000.com.mx\/royalvillasresort\/?page_id=336"},"modified":"2023-07-19T19:55:13","modified_gmt":"2023-07-19T19:55:13","slug":"grupos-y-convenciones","status":"publish","type":"page","link":"https:\/\/plantillas.red2000.com.mx\/royalvillasresort\/grupos-y-convenciones\/","title":{"rendered":"Grupos y Convenciones"},"content":{"rendered":"<p>[et_pb_section fb_built=\u00bb1&#8243; fullwidth=\u00bbon\u00bb _builder_version=\u00bb4.15.1&#8243; _module_preset=\u00bbdefault\u00bb global_colors_info=\u00bb{}\u00bb][et_pb_fullwidth_slider use_bg_overlay=\u00bboff\u00bb use_text_overlay=\u00bboff\u00bb _builder_version=\u00bb4.15.1&#8243; _module_preset=\u00bbdefault\u00bb header_font=\u00bbAmiri||||||||\u00bb header_text_align=\u00bbcenter\u00bb header_font_size=\u00bb52px\u00bb custom_button=\u00bbon\u00bb button_text_size=\u00bb20px\u00bb button_border_radius=\u00bb0px\u00bb button_font=\u00bb|||on|||||\u00bb button_use_icon=\u00bboff\u00bb height_tablet=\u00bb300px\u00bb height_phone=\u00bb250px\u00bb height_last_edited=\u00bbon|phone\u00bb hover_enabled=\u00bb0&#8243; header_font_size_tablet=\u00bb32px\u00bb header_font_size_phone=\u00bb28px\u00bb header_font_size_last_edited=\u00bbon|phone\u00bb button_text_size_tablet=\u00bb16px\u00bb button_text_size_phone=\u00bb12px\u00bb button_text_size_last_edited=\u00bbon|phone\u00bb global_colors_info=\u00bb{}\u00bb sticky_enabled=\u00bb0&#8243;][et_pb_slide use_bg_overlay=\u00bbon\u00bb bg_overlay_color=\u00bbrgba(0,0,0,0.21)\u00bb _builder_version=\u00bb4.15.1&#8243; _module_preset=\u00bbdefault\u00bb background_enable_color=\u00bboff\u00bb background_image=\u00bbhttps:\/\/plantillas.red2000.com.mx\/royalvillasresort\/wp-content\/uploads\/2023\/07\/cabcera-grupos-convenciones.png\u00bb background_enable_image=\u00bbon\u00bb hover_enabled=\u00bb0&#8243; global_colors_info=\u00bb{}\u00bb sticky_transition=\u00bbon\u00bb title_text=\u00bbcabcera-grupos-convenciones\u00bb sticky_enabled=\u00bb0&#8243;][\/et_pb_slide][\/et_pb_fullwidth_slider][\/et_pb_section][et_pb_section fb_built=\u00bb1&#8243; _builder_version=\u00bb4.15.1&#8243; _module_preset=\u00bbdefault\u00bb background_color=\u00bb#FFFFFF\u00bb custom_padding=\u00bb||2px|||\u00bb global_colors_info=\u00bb{}\u00bb][et_pb_row custom_padding_last_edited=\u00bbon|phone\u00bb _builder_version=\u00bb4.15.1&#8243; _module_preset=\u00bbdefault\u00bb custom_padding=\u00bb100px||||false|false\u00bb custom_padding_tablet=\u00bb60px||||false|false\u00bb custom_padding_phone=\u00bb60px||||false|false\u00bb global_colors_info=\u00bb{}\u00bb][et_pb_column type=\u00bb4_4&#8243; _builder_version=\u00bb4.15.1&#8243; _module_preset=\u00bbdefault\u00bb global_colors_info=\u00bb{}\u00bb][et_pb_text _builder_version=\u00bb4.15.1&#8243; _module_preset=\u00bbdefault\u00bb text_text_color=\u00bb#00233a\u00bb header_font=\u00bbKenoky|||on|||||\u00bb header_text_align=\u00bbcenter\u00bb header_text_color=\u00bb#00233a\u00bb header_font_size=\u00bb68px\u00bb header_2_font=\u00bbAmiri|||on|||||\u00bb header_2_text_align=\u00bbcenter\u00bb header_2_text_color=\u00bb#FFFFFF\u00bb header_2_font_size=\u00bb42px\u00bb header_font_size_tablet=\u00bb38px\u00bb header_font_size_phone=\u00bb34px\u00bb header_font_size_last_edited=\u00bbon|phone\u00bb global_colors_info=\u00bb{}\u00bb]<\/p>\n<h1>GRUPOS Y CONVENCIONES<\/h1>\n<p>[\/et_pb_text][\/et_pb_column][\/et_pb_row][\/et_pb_section][et_pb_section fb_built=\u00bb1&#8243; _builder_version=\u00bb4.15.1&#8243; _module_preset=\u00bbdefault\u00bb global_colors_info=\u00bb{}\u00bb][et_pb_row column_structure=\u00bb1_2,1_2&#8243; _builder_version=\u00bb4.15.1&#8243; _module_preset=\u00bbdefault\u00bb global_colors_info=\u00bb{}\u00bb][et_pb_column type=\u00bb1_2&#8243; _builder_version=\u00bb4.15.1&#8243; _module_preset=\u00bbdefault\u00bb global_colors_info=\u00bb{}\u00bb][et_pb_text _builder_version=\u00bb4.15.1&#8243; _module_preset=\u00bbdefault\u00bb text_font=\u00bb|||on|||||\u00bb header_2_font=\u00bbKenoky||||||||\u00bb custom_margin=\u00bb||-1px|||\u00bb global_colors_info=\u00bb{}\u00bb]<\/p>\n<h2>Sus mejores reuniones en el mejor lugar<\/h2>\n<p>[\/et_pb_text][et_pb_text _builder_version=\u00bb4.15.1&#8243; _module_preset=\u00bbdefault\u00bb text_font_size=\u00bb17px\u00bb header_3_font=\u00bb|||on|||||\u00bb background_color=\u00bb#f9f9f9&#8243; text_orientation=\u00bbjustified\u00bb custom_padding=\u00bb15px|15px|15px|15px|true|true\u00bb global_colors_info=\u00bb{}\u00bb]<\/p>\n<h3>Incluye:<\/h3>\n<p><span>Para su pr\u00f3ximo grupo de incentivos, reuni\u00f3n, congreso o convenci\u00f3n. Perm\u00edtanos contribuir a su \u00e9xito.<\/span><br \/><span>Contamos con personal calificado, las m\u00e1s modernas instalaciones, 4 salones que ser\u00e1n montados de acuerdo a sus necesidades con equipo y mobiliario de primer<\/span><\/p>\n<p><span>CENTRO DE NEGOCIOS<\/span><\/p>\n<p><span>Contamos con servicio de Internet en nuestro moderno centro de negocios o bien Internet inal\u00e1mbrico en todos los pisos y \u00e1reas del hotel.<\/span><\/p>\n<p>[\/et_pb_text][\/et_pb_column][et_pb_column type=\u00bb1_2&#8243; _builder_version=\u00bb4.15.1&#8243; _module_preset=\u00bbdefault\u00bb global_colors_info=\u00bb{}\u00bb][et_pb_image src=\u00bbhttps:\/\/plantillas.red2000.com.mx\/royalvillasresort\/wp-content\/uploads\/2023\/05\/grupos-y-convenciones-imagen1.jpeg\u00bb title_text=\u00bbgrupos-y-convenciones-imagen1&#8243; _builder_version=\u00bb4.15.1&#8243; _module_preset=\u00bbdefault\u00bb global_colors_info=\u00bb{}\u00bb][\/et_pb_image][\/et_pb_column][\/et_pb_row][\/et_pb_section][et_pb_section fb_built=\u00bb1&#8243; disabled_on=\u00bbon|on|off\u00bb _builder_version=\u00bb4.15.1&#8243; _module_preset=\u00bbdefault\u00bb global_colors_info=\u00bb{}\u00bb][et_pb_row _builder_version=\u00bb4.15.1&#8243; _module_preset=\u00bbdefault\u00bb background_color=\u00bb#ededed\u00bb width=\u00bb100%\u00bb width_tablet=\u00bb100%\u00bb width_phone=\u00bb100%\u00bb width_last_edited=\u00bbon|phone\u00bb max_width=\u00bb100%\u00bb max_width_tablet=\u00bb100%\u00bb max_width_phone=\u00bb100%\u00bb max_width_last_edited=\u00bbon|desktop\u00bb custom_margin=\u00bb0px||0px||true|false\u00bb custom_padding=\u00bb0px||0px||true|false\u00bb global_colors_info=\u00bb{}\u00bb][et_pb_column type=\u00bb4_4&#8243; _builder_version=\u00bb4.15.1&#8243; _module_preset=\u00bbdefault\u00bb global_colors_info=\u00bb{}\u00bb][et_pb_text _builder_version=\u00bb4.15.1&#8243; _module_preset=\u00bbdefault\u00bb text_font=\u00bb|||on|||||\u00bb header_2_font=\u00bbKenoky||||||||\u00bb header_2_text_color=\u00bb#ffffff\u00bb background_color=\u00bb#00233a\u00bb text_orientation=\u00bbcenter\u00bb custom_margin=\u00bb||0px||false|false\u00bb custom_padding=\u00bb15px||||false|false\u00bb global_colors_info=\u00bb{}\u00bb]<\/p>\n<h2>Instalaciones<\/h2>\n<p>[\/et_pb_text][\/et_pb_column][\/et_pb_row][et_pb_row _builder_version=\u00bb4.15.1&#8243; _module_preset=\u00bbdefault\u00bb background_color=\u00bb#ededed\u00bb width=\u00bb100%\u00bb width_tablet=\u00bb100%\u00bb width_phone=\u00bb100%\u00bb width_last_edited=\u00bboff|desktop\u00bb max_width=\u00bb100%\u00bb custom_padding=\u00bb20px|20px|20px|20px|true|true\u00bb global_colors_info=\u00bb{}\u00bb][et_pb_column type=\u00bb4_4&#8243; _builder_version=\u00bb4.15.1&#8243; _module_preset=\u00bbdefault\u00bb global_colors_info=\u00bb{}\u00bb][et_pb_text _builder_version=\u00bb4.15.1&#8243; _module_preset=\u00bbdefault\u00bb text_font_size=\u00bb17px\u00bb global_colors_info=\u00bb{}\u00bb]<\/p>\n<table border=\"1\" style=\"height: 144px; border-collapse: collapse;\">\n<tbody>\n<tr style=\"height: 24px; background-color: #c69e72; color: #fff; ; font-weight: bold;\">\n<td style=\"border: 1px solid #000; height: 24px;\">SALONES<\/td>\n<td style=\"border: 1px solid #000; height: 24px;\">M2<\/td>\n<td style=\"border: 1px solid #000; height: 24px;\">LARGO<\/td>\n<td style=\"border: 1px solid #000; height: 24px;\">ANCHO<\/td>\n<td style=\"border: 1px solid #000; height: 24px;\">ALTURA<\/td>\n<td style=\"border: 1px solid #000; height: 24px;\">ESCUELA<\/td>\n<td style=\"border: 1px solid #000; height: 24px;\">BANQUETES<\/td>\n<td style=\"border: 1px solid #000; height: 24px;\">AUDITORIO<\/td>\n<td style=\"border: 1px solid #000; height: 24px;\">HERRADURA<\/td>\n<\/tr>\n<tr style=\"height: 24px;\">\n<td style=\"border: 1px solid #000; height: 24px;\">MONTE ALBAN<\/td>\n<td style=\"border: 1px solid #000; height: 24px;\">280<\/td>\n<td style=\"border: 1px solid #000; height: 24px;\">20<\/td>\n<td style=\"border: 1px solid #000; height: 24px;\">14<\/td>\n<td style=\"border: 1px solid #000; height: 24px;\">6<\/td>\n<td style=\"border: 1px solid #000; height: 24px;\">N\/A<\/td>\n<td style=\"border: 1px solid #000; height: 24px;\">\n<p>220 con pista<\/p>\n<p>250 sin pista<\/p>\n<\/td>\n<td style=\"border: 1px solid #000; height: 24px;\">N\/A<\/td>\n<td style=\"border: 1px solid #000; height: 24px;\">N\/A<\/td>\n<\/tr>\n<tr style=\"height: 24px;\">\n<td style=\"border: 1px solid #000; height: 24px;\">TEOTIHUACAN<\/td>\n<td style=\"border: 1px solid #000; height: 24px;\">225<\/td>\n<td style=\"border: 1px solid #000; height: 24px;\">15<\/td>\n<td style=\"border: 1px solid #000; height: 24px;\">15<\/td>\n<td style=\"border: 1px solid #000; height: 24px;\">2.8<\/td>\n<td style=\"border: 1px solid #000; height: 24px;\">75<\/td>\n<td style=\"border: 1px solid #000; height: 24px;\">\n<p>150 con pista<\/p>\n<p>180 sin pista<\/p>\n<\/td>\n<td style=\"border: 1px solid #000; height: 24px;\">220<\/td>\n<td style=\"border: 1px solid #000; height: 24px;\">50<\/td>\n<\/tr>\n<tr style=\"height: 24px;\">\n<td style=\"border: 1px solid #000; height: 24px;\">LA NORIA<\/td>\n<td style=\"border: 1px solid #000; height: 24px;\">32<\/td>\n<td style=\"border: 1px solid #000; height: 24px;\">8<\/td>\n<td style=\"border: 1px solid #000; height: 24px;\">4.20<\/td>\n<td style=\"border: 1px solid #000; height: 24px;\">6<\/td>\n<td style=\"border: 1px solid #000; height: 24px;\">18<\/td>\n<td style=\"border: 1px solid #000; height: 24px;\">N\/A<\/td>\n<td style=\"border: 1px solid #000; height: 24px;\">30<\/td>\n<td style=\"border: 1px solid #000; height: 24px;\">20<\/td>\n<\/tr>\n<tr style=\"height: 24px;\">\n<td style=\"border: 1px solid #000; height: 24px;\">MITLAN<\/td>\n<td style=\"border: 1px solid #000; height: 24px;\">195<\/td>\n<td style=\"border: 1px solid #000; height: 24px;\">13<\/td>\n<td style=\"border: 1px solid #000; height: 24px;\">15<\/td>\n<td style=\"border: 1px solid #000; height: 24px;\">3<\/td>\n<td style=\"border: 1px solid #000; height: 24px;\">40<\/td>\n<td style=\"border: 1px solid #000; height: 24px;\">100<\/td>\n<td style=\"border: 1px solid #000; height: 24px;\">60<\/td>\n<td style=\"border: 1px solid #000; height: 24px;\">35<\/td>\n<\/tr>\n<tr style=\"height: 24px;\">\n<td style=\"border: 1px solid #000; height: 24px;\">CRISTALES<\/td>\n<td style=\"border: 1px solid #000; height: 24px;\"><\/td>\n<td style=\"border: 1px solid #000; height: 24px;\"><\/td>\n<td style=\"border: 1px solid #000; height: 24px;\"><\/td>\n<td style=\"border: 1px solid #000; height: 24px;\"><\/td>\n<td style=\"border: 1px solid #000; height: 24px;\">30<\/td>\n<td style=\"border: 1px solid #000; height: 24px;\">60<\/td>\n<td style=\"border: 1px solid #000; height: 24px;\">80<\/td>\n<td style=\"border: 1px solid #000; height: 24px;\">25<\/td>\n<\/tr>\n<\/tbody>\n<\/table>\n<p>&nbsp;<\/p>\n<p>[\/et_pb_text][\/et_pb_column][\/et_pb_row][\/et_pb_section][et_pb_section fb_built=\u00bb1&#8243; _builder_version=\u00bb4.15.1&#8243; _module_preset=\u00bbdefault\u00bb global_colors_info=\u00bb{}\u00bb][et_pb_row column_structure=\u00bb1_2,1_2&#8243; _builder_version=\u00bb4.15.1&#8243; _module_preset=\u00bbdefault\u00bb custom_padding=\u00bb||100px|||\u00bb global_colors_info=\u00bb{}\u00bb][et_pb_column type=\u00bb1_2&#8243; _builder_version=\u00bb4.15.1&#8243; _module_preset=\u00bbdefault\u00bb global_colors_info=\u00bb{}\u00bb][et_pb_image src=\u00bbhttps:\/\/plantillas.red2000.com.mx\/royalvillasresort\/wp-content\/uploads\/2023\/05\/grupos-y-convenciones-imagen2.jpeg\u00bb title_text=\u00bbgrupos-y-convenciones-imagen2&#8243; _builder_version=\u00bb4.15.1&#8243; _module_preset=\u00bbdefault\u00bb global_colors_info=\u00bb{}\u00bb][\/et_pb_image][\/et_pb_column][et_pb_column type=\u00bb1_2&#8243; _builder_version=\u00bb4.15.1&#8243; _module_preset=\u00bbdefault\u00bb global_colors_info=\u00bb{}\u00bb][et_pb_text _builder_version=\u00bb4.15.1&#8243; _module_preset=\u00bbdefault\u00bb text_font_size=\u00bb17px\u00bb header_3_font=\u00bb|||on|||||\u00bb background_enable_color=\u00bboff\u00bb text_orientation=\u00bbjustified\u00bb custom_padding=\u00bb0px|0px|0px|0px|true|true\u00bb global_colors_info=\u00bb{}\u00bb]<\/p>\n<h3>Servicios Incluidos<\/h3>\n<p><i class=\"fas fa-check\" style=\"color: #e4b248;\"><\/i><span> Pre-registro<\/span><br \/><i class=\"fas fa-check\" style=\"color: #e4b248;\"><\/i><span> Suites de lujo<\/span><br \/><i class=\"fas fa-check\" style=\"color: #e4b248;\"><\/i><span> Equipo Audiovisual<\/span><br \/><i class=\"fas fa-check\" style=\"color: #e4b248;\"><\/i><span> Cocktel de bienvenido con bebidas nacionales<\/span><br \/><i class=\"fas fa-check\" style=\"color: #e4b248;\"><\/i><span> Tarifa grupal garantizada para llegadas anticipadas y salidas posteriores<\/span><br \/><i class=\"fas fa-check\" style=\"color: #e4b248;\"><\/i><span> Un receso de caf\u00e9, refrescos y pastas<\/span><br \/><i class=\"fas fa-check\" style=\"color: #e4b248;\"><\/i><span> 1 Habitaci\u00f3n de cortes\u00eda por cada 20 pagadas<\/span><br \/><i class=\"fas fa-check\" style=\"color: #e4b248;\"><\/i><span> 20% de descuento en renta de auto<\/span><br \/><i class=\"fas fa-check\" style=\"color: #e4b248;\"><\/i><span> Facilidades de hospedaje para su visita de inspecci\u00f3n<\/span><br \/><i class=\"fas fa-check\" style=\"color: #e4b248;\"><\/i><span> Sal\u00f3n ejecutivo con computadora y servicio secretaria<\/span><br \/><i class=\"fas fa-check\" style=\"color: #e4b248;\"><\/i><span> Internet<\/span><br \/><i class=\"fas fa-check\" style=\"color: #e4b248;\"><\/i><span> Sal\u00f3n de belleza<\/span><br \/><i class=\"fas fa-check\" style=\"color: #e4b248;\"><\/i><span> Estacionamiento<\/span><br \/><i class=\"fas fa-check\" style=\"color: #e4b248;\"><\/i><span> Ni\u00f1eras<\/span><\/p>\n<p>[\/et_pb_text][\/et_pb_column][\/et_pb_row][\/et_pb_section]<\/p>\n","protected":false},"excerpt":{"rendered":"<p>GRUPOS Y CONVENCIONESSus mejores reuniones en el mejor lugarIncluye: Para su pr\u00f3ximo grupo de incentivos, reuni\u00f3n, congreso o convenci\u00f3n. Perm\u00edtanos contribuir a su \u00e9xito.Contamos con personal calificado, las m\u00e1s modernas instalaciones, 4 salones que ser\u00e1n montados de acuerdo a sus necesidades con equipo y mobiliario de primer CENTRO DE NEGOCIOS Contamos con servicio de Internet [&hellip;]<\/p>\n","protected":false},"author":1,"featured_media":0,"parent":0,"menu_order":0,"comment_status":"closed","ping_status":"closed","template":"","meta":{"_et_pb_use_builder":"on","_et_pb_old_content":"","_et_gb_content_width":""},"_links":{"self":[{"href":"https:\/\/plantillas.red2000.com.mx\/royalvillasresort\/wp-json\/wp\/v2\/pages\/336"}],"collection":[{"href":"https:\/\/plantillas.red2000.com.mx\/royalvillasresort\/wp-json\/wp\/v2\/pages"}],"about":[{"href":"https:\/\/plantillas.red2000.com.mx\/royalvillasresort\/wp-json\/wp\/v2\/types\/page"}],"author":[{"embeddable":true,"href":"https:\/\/plantillas.red2000.com.mx\/royalvillasresort\/wp-json\/wp\/v2\/users\/1"}],"replies":[{"embeddable":true,"href":"https:\/\/plantillas.red2000.com.mx\/royalvillasresort\/wp-json\/wp\/v2\/comments?post=336"}],"version-history":[{"count":10,"href":"https:\/\/plantillas.red2000.com.mx\/royalvillasresort\/wp-json\/wp\/v2\/pages\/336\/revisions"}],"predecessor-version":[{"id":1218,"href":"https:\/\/plantillas.red2000.com.mx\/royalvillasresort\/wp-json\/wp\/v2\/pages\/336\/revisions\/1218"}],"wp:attachment":[{"href":"https:\/\/plantillas.red2000.com.mx\/royalvillasresort\/wp-json\/wp\/v2\/media?parent=336"}],"curies":[{"name":"wp","href":"https:\/\/api.w.org\/{rel}","templated":true}]}}