{"id":365,"date":"2023-04-07T00:10:55","date_gmt":"2023-04-07T00:10:55","guid":{"rendered":"https:\/\/plantillas.red2000.com.mx\/royalvillasresort\/?page_id=365"},"modified":"2023-07-06T22:39:30","modified_gmt":"2023-07-06T22:39:30","slug":"esr","status":"publish","type":"page","link":"https:\/\/plantillas.red2000.com.mx\/royalvillasresort\/esr\/","title":{"rendered":"ESR"},"content":{"rendered":"<p>[et_pb_section fb_built=\u00bb1&#8243; _builder_version=\u00bb4.15.1&#8243; _module_preset=\u00bbdefault\u00bb background_color=\u00bb#FFFFFF\u00bb global_colors_info=\u00bb{}\u00bb][et_pb_row _builder_version=\u00bb4.15.1&#8243; _module_preset=\u00bbdefault\u00bb background_color=\u00bb#00233a\u00bb global_colors_info=\u00bb{}\u00bb][et_pb_column type=\u00bb4_4&#8243; _builder_version=\u00bb4.15.1&#8243; _module_preset=\u00bbdefault\u00bb global_colors_info=\u00bb{}\u00bb][et_pb_menu menu_id=\u00bbnone\u00bb _builder_version=\u00bb4.15.1&#8243; _module_preset=\u00bbdefault\u00bb menu_font=\u00bb||||||||\u00bb menu_font_size=\u00bb18px\u00bb background_enable_color=\u00bboff\u00bb text_orientation=\u00bbcenter\u00bb background_layout=\u00bbdark\u00bb global_colors_info=\u00bb{}\u00bb][\/et_pb_menu][\/et_pb_column][\/et_pb_row][et_pb_row _builder_version=\u00bb4.15.1&#8243; _module_preset=\u00bbdefault\u00bb global_colors_info=\u00bb{}\u00bb][et_pb_column type=\u00bb4_4&#8243; _builder_version=\u00bb4.15.1&#8243; _module_preset=\u00bbdefault\u00bb global_colors_info=\u00bb{}\u00bb][et_pb_image src=\u00bbhttps:\/\/plantillas.red2000.com.mx\/royalvillasresort\/wp-content\/uploads\/2023\/04\/inicial.jpeg\u00bb title_text=\u00bbinicial\u00bb align_tablet=\u00bbcenter\u00bb align_phone=\u00bbcenter\u00bb align_last_edited=\u00bbon|phone\u00bb _builder_version=\u00bb4.15.1&#8243; _module_preset=\u00bbdefault\u00bb global_colors_info=\u00bb{}\u00bb][\/et_pb_image][\/et_pb_column][\/et_pb_row][et_pb_row column_structure=\u00bb1_2,1_2&#8243; _builder_version=\u00bb4.15.1&#8243; _module_preset=\u00bbdefault\u00bb global_colors_info=\u00bb{}\u00bb][et_pb_column type=\u00bb1_2&#8243; _builder_version=\u00bb4.15.1&#8243; _module_preset=\u00bbdefault\u00bb global_colors_info=\u00bb{}\u00bb][et_pb_text _builder_version=\u00bb4.15.1&#8243; _module_preset=\u00bbdefault\u00bb text_text_color=\u00bb#000000&#8243; text_font_size=\u00bb17px\u00bb header_font=\u00bbKenoky|||on|||||\u00bb header_text_align=\u00bbcenter\u00bb header_text_color=\u00bb#00233a\u00bb header_font_size=\u00bb42px\u00bb header_2_font=\u00bbAmiri|||on|||||\u00bb header_2_text_align=\u00bbcenter\u00bb header_2_text_color=\u00bb#FFFFFF\u00bb header_2_font_size=\u00bb42px\u00bb text_orientation=\u00bbjustified\u00bb hover_enabled=\u00bb0&#8243; global_colors_info=\u00bb{}\u00bb sticky_enabled=\u00bb0&#8243;]<\/p>\n<h1>Responsabilidad Corporativa<\/h1>\n<p>Nos enfocamos en que nuestros esfuerzos de Responsabilidad Social sean iniciativas concentradas en la inclusi\u00f3n de los diferentes grupos de inter\u00e9s y aportaci\u00f3n a los principios y objetivos planteados por organizaciones internacionales entre los cuales encontramos<\/p>\n<ul>\n<li>Pacto Mundial de las Naciones Unidas.<\/li>\n<li>Objetivos de Desarrollo Sostenible.<\/li>\n<li>Empresa Socialmente Responsable.<\/li>\n<li>Carta de la Tierra.<\/li>\n<li>Hoteler\u00eda Sustentable<\/li>\n<\/ul>\n<p>[\/et_pb_text][\/et_pb_column][et_pb_column type=\u00bb1_2&#8243; _builder_version=\u00bb4.15.1&#8243; _module_preset=\u00bbdefault\u00bb global_colors_info=\u00bb{}\u00bb][et_pb_image src=\u00bbhttps:\/\/plantillas.red2000.com.mx\/royalvillasresort\/wp-content\/uploads\/2023\/04\/logoresponsabilidad.jpeg\u00bb title_text=\u00bblogoresponsabilidad\u00bb align=\u00bbcenter\u00bb _builder_version=\u00bb4.15.1&#8243; _module_preset=\u00bbdefault\u00bb global_colors_info=\u00bb{}\u00bb][\/et_pb_image][et_pb_text _builder_version=\u00bb4.15.1&#8243; _module_preset=\u00bbdefault\u00bb text_text_color=\u00bb#00233a\u00bb text_font_size=\u00bb17px\u00bb header_font=\u00bbAmiri|||on|||||\u00bb header_text_align=\u00bbcenter\u00bb header_text_color=\u00bb#00233a\u00bb header_font_size=\u00bb42px\u00bb header_2_font=\u00bbAmiri|||on|||||\u00bb header_2_text_align=\u00bbcenter\u00bb header_2_text_color=\u00bb#FFFFFF\u00bb header_2_font_size=\u00bb42px\u00bb text_orientation=\u00bbjustified\u00bb hover_enabled=\u00bb0&#8243; global_colors_info=\u00bb{}\u00bb sticky_enabled=\u00bb0&#8243;]<\/p>\n<p>En Royal Villas tenemos el compromiso de difundir una cultura basada en valores \u00e9ticos con el objetivo de optimizar la calidad de vida de nuestros colaboradores, trasmitir las pr\u00e1cticas sustentables y mejorar la relaci\u00f3n con las comunidades.<\/p>\n<p>Para conocer m\u00e1s, puedes consultar nuestro Reporte de Responsabilidad Social 2018.<\/p>\n<p>[\/et_pb_text][\/et_pb_column][\/et_pb_row][et_pb_row module_id=\u00bbcomunidad\u00bb _builder_version=\u00bb4.15.1&#8243; _module_preset=\u00bbdefault\u00bb global_colors_info=\u00bb{}\u00bb][et_pb_column type=\u00bb4_4&#8243; _builder_version=\u00bb4.15.1&#8243; _module_preset=\u00bbdefault\u00bb global_colors_info=\u00bb{}\u00bb][et_pb_image src=\u00bbhttps:\/\/plantillas.red2000.com.mx\/royalvillasresort\/wp-content\/uploads\/2023\/04\/empresa.jpeg\u00bb title_text=\u00bbWeb\u00bb _builder_version=\u00bb4.15.1&#8243; _module_preset=\u00bbdefault\u00bb global_colors_info=\u00bb{}\u00bb][\/et_pb_image][\/et_pb_column][\/et_pb_row][et_pb_row column_structure=\u00bb1_2,1_2&#8243; _builder_version=\u00bb4.15.1&#8243; _module_preset=\u00bbdefault\u00bb global_colors_info=\u00bb{}\u00bb][et_pb_column type=\u00bb1_2&#8243; _builder_version=\u00bb4.15.1&#8243; _module_preset=\u00bbdefault\u00bb global_colors_info=\u00bb{}\u00bb][et_pb_text _builder_version=\u00bb4.15.1&#8243; _module_preset=\u00bbdefault\u00bb text_text_color=\u00bb#000000&#8243; text_font_size=\u00bb17px\u00bb text_orientation=\u00bbjustified\u00bb hover_enabled=\u00bb0&#8243; global_colors_info=\u00bb{}\u00bb sticky_enabled=\u00bb0&#8243;]<\/p>\n<p><span>Contrataci\u00f3n de colaboradores locales, respeto a los derechos humanos, promoci\u00f3n del turismo responsable facilitando el desarrollo econ\u00f3mico y cultural de comunidades regionales, son algunas de las acciones que nuestra empresa ha tomado en compromiso con nuestra comunidad.<\/span><\/p>\n<p>[\/et_pb_text][\/et_pb_column][et_pb_column type=\u00bb1_2&#8243; _builder_version=\u00bb4.15.1&#8243; _module_preset=\u00bbdefault\u00bb global_colors_info=\u00bb{}\u00bb][et_pb_text _builder_version=\u00bb4.15.1&#8243; _module_preset=\u00bbdefault\u00bb text_text_color=\u00bb#000000&#8243; text_font_size=\u00bb17px\u00bb text_orientation=\u00bbjustified\u00bb hover_enabled=\u00bb0&#8243; global_colors_info=\u00bb{}\u00bb sticky_enabled=\u00bb0&#8243;]<\/p>\n<ul>Para conocer m\u00e1s, puedes consultar nuestro Reporte de Responsabilidad Social 2018.<\/ul>\n<p>&nbsp;<\/p>\n<p>[\/et_pb_text][\/et_pb_column][\/et_pb_row][et_pb_row _builder_version=\u00bb4.15.1&#8243; _module_preset=\u00bbdefault\u00bb global_colors_info=\u00bb{}\u00bb][et_pb_column type=\u00bb4_4&#8243; _builder_version=\u00bb4.15.1&#8243; _module_preset=\u00bbdefault\u00bb global_colors_info=\u00bb{}\u00bb][et_pb_image src=\u00bbhttps:\/\/plantillas.red2000.com.mx\/royalvillasresort\/wp-content\/uploads\/2023\/04\/f3.jpeg\u00bb title_text=\u00bbf3&#8243; _builder_version=\u00bb4.15.1&#8243; _module_preset=\u00bbdefault\u00bb global_colors_info=\u00bb{}\u00bb][\/et_pb_image][\/et_pb_column][\/et_pb_row][et_pb_row column_structure=\u00bb1_2,1_2&#8243; _builder_version=\u00bb4.15.1&#8243; _module_preset=\u00bbdefault\u00bb global_colors_info=\u00bb{}\u00bb][et_pb_column type=\u00bb1_2&#8243; _builder_version=\u00bb4.15.1&#8243; _module_preset=\u00bbdefault\u00bb global_colors_info=\u00bb{}\u00bb][et_pb_text _builder_version=\u00bb4.15.1&#8243; _module_preset=\u00bbdefault\u00bb text_font_size=\u00bb17px\u00bb header_2_font=\u00bbKenoky|||on|||||\u00bb header_2_text_color=\u00bb#00233a\u00bb text_orientation=\u00bbjustified\u00bb hover_enabled=\u00bb0&#8243; global_colors_info=\u00bb{}\u00bb sticky_enabled=\u00bb0&#8243;]<\/p>\n<h2>Inclusion laboral con el apoyo del Centro de Atencion M\u00faltiple #25<\/h2>\n<p>El Centro de Atenci\u00f3n M\u00faltiple 25 con sede en nuestra ciudad, promueve formaci\u00f3n para la vida y el trabajo de j\u00f3venes entre 15 y 22 a\u00f1os de edad. Con orgullo compartimos que desde hace 7 a\u00f1os firmamos convenio de colaboraci\u00f3n con dicha instituci\u00f3n y a la fecha, han participado 56 j\u00f3venes y por su destacado desempe\u00f1o, hemos incluido en nuestra plantilla laboral a uno de ellos.<\/p>\n<p>[\/et_pb_text][\/et_pb_column][et_pb_column type=\u00bb1_2&#8243; _builder_version=\u00bb4.15.1&#8243; _module_preset=\u00bbdefault\u00bb global_colors_info=\u00bb{}\u00bb][et_pb_text _builder_version=\u00bb4.15.1&#8243; _module_preset=\u00bbdefault\u00bb text_text_color=\u00bb#000000&#8243; text_font_size=\u00bb17px\u00bb header_2_font=\u00bbKenoky|||on|||||\u00bb header_2_text_color=\u00bb#00233a\u00bb text_orientation=\u00bbjustified\u00bb hover_enabled=\u00bb0&#8243; global_colors_info=\u00bb{}\u00bb sticky_enabled=\u00bb0&#8243;]<\/p>\n<h2>Rescatando comunidades: La Noria.<\/h2>\n<p>Gracias a la participaci\u00f3n voluntaria de nuestros colaboradores y facilidades que la empresa ha dispuesto, se ha logrado movilizar el turismo facilitando su acceso y con ello, preservar la herencia cultural de nuestra regi\u00f3n. Los turistas y nuestros hu\u00e9spedes quedan maravillados con las t\u00e9cnicas totalmente artesanales que utilizan para la elaboraci\u00f3n de hermosos fustes, sillas de montar y huaraches.<\/p>\n<p>&nbsp;<\/p>\n<p>[\/et_pb_text][\/et_pb_column][\/et_pb_row][et_pb_row column_structure=\u00bb1_2,1_2&#8243; _builder_version=\u00bb4.15.1&#8243; _module_preset=\u00bbdefault\u00bb global_colors_info=\u00bb{}\u00bb][et_pb_column type=\u00bb1_2&#8243; _builder_version=\u00bb4.15.1&#8243; _module_preset=\u00bbdefault\u00bb global_colors_info=\u00bb{}\u00bb][et_pb_text _builder_version=\u00bb4.15.1&#8243; _module_preset=\u00bbdefault\u00bb text_text_color=\u00bb#000000&#8243; text_font_size=\u00bb17px\u00bb header_2_font=\u00bbKenoky|||on|||||\u00bb text_orientation=\u00bbjustified\u00bb hover_enabled=\u00bb0&#8243; global_colors_info=\u00bb{}\u00bb sticky_enabled=\u00bb0&#8243;]<\/p>\n<h2>Alianza empresarial contra el cancer.<\/h2>\n<p>Grupo Compete Mazatl\u00e1n, es la alianza de 17 empresas con operaciones en el puerto sinaloense. Las actividades de la organizaci\u00f3n se orientan al reciclaje de material PET y colecta de tapas pl\u00e1sticas de botellas para venderlas, as\u00ed mismo, reciben trenzas de cabello para la elaboraci\u00f3n de pelucas oncol\u00f3gicas. Bajo el lema \u201cA todos nos compete\u201d, durante el 2018 lograron los siguientes:<\/p>\n<ul>\n<li>$60,6200.00 pesos, una parte en efectivo y otra en especie:<\/li>\n<\/ul>\n<p>[\/et_pb_text][\/et_pb_column][et_pb_column type=\u00bb1_2&#8243; _builder_version=\u00bb4.15.1&#8243; _module_preset=\u00bbdefault\u00bb global_colors_info=\u00bb{}\u00bb][et_pb_text _builder_version=\u00bb4.15.1&#8243; _module_preset=\u00bbdefault\u00bb text_text_color=\u00bb#000000&#8243; text_font_size=\u00bb17px\u00bb header_2_font=\u00bbAmiri||||||||\u00bb text_orientation=\u00bbjustified\u00bb hover_enabled=\u00bb0&#8243; global_colors_info=\u00bb{}\u00bb sticky_enabled=\u00bb0&#8243;]<\/p>\n<p>-2 esterilizadores para biberones, entregados al banco de leche.<br \/>-5 estetoscopios para el \u00e1rea de urgencias.<br \/>-1 b\u00e1scula pedi\u00e1trica para consultorios.<br \/>-Cableado de red para nuevos consultorios.<br \/>-L\u00e1mpara de examinaci\u00f3n con pedestal.<br \/>-Estuche de diagn\u00f3stico b\u00e1sico led.<br \/>558 trenzas para la elaboraci\u00f3n de pelucas oncol\u00f3gicas.<br \/>-4,912,080 tapas de botellas.<\/p>\n<p>[\/et_pb_text][et_pb_image src=\u00bbhttps:\/\/plantillas.red2000.com.mx\/royalvillasresort\/wp-content\/uploads\/2023\/04\/logo0.jpeg\u00bb title_text=\u00bblogo0&#8243; align=\u00bbcenter\u00bb _builder_version=\u00bb4.15.1&#8243; _module_preset=\u00bbdefault\u00bb global_colors_info=\u00bb{}\u00bb][\/et_pb_image][et_pb_text _builder_version=\u00bb4.15.1&#8243; _module_preset=\u00bbdefault\u00bb text_text_color=\u00bb#000000&#8243; text_font_size=\u00bb18px\u00bb header_2_font=\u00bbAmiri||||||||\u00bb text_orientation=\u00bbjustified\u00bb global_colors_info=\u00bb{}\u00bb]<\/p>\n<p>Conoce m\u00e1s sobre nuestras iniciativas de responsabilidad con la comunidad&#8230;<\/p>\n<p>[\/et_pb_text][\/et_pb_column][\/et_pb_row][et_pb_row _builder_version=\u00bb4.15.1&#8243; _module_preset=\u00bbdefault\u00bb global_colors_info=\u00bb{}\u00bb][et_pb_column type=\u00bb4_4&#8243; _builder_version=\u00bb4.15.1&#8243; _module_preset=\u00bbdefault\u00bb global_colors_info=\u00bb{}\u00bb][et_pb_image src=\u00bbhttps:\/\/plantillas.red2000.com.mx\/royalvillasresort\/wp-content\/uploads\/2023\/04\/ambiente.jpeg\u00bb title_text=\u00bbambiente\u00bb module_id=\u00bbambiente\u00bb _builder_version=\u00bb4.15.1&#8243; _module_preset=\u00bbdefault\u00bb global_colors_info=\u00bb{}\u00bb][\/et_pb_image][\/et_pb_column][\/et_pb_row][et_pb_row column_structure=\u00bb1_2,1_2&#8243; _builder_version=\u00bb4.15.1&#8243; _module_preset=\u00bbdefault\u00bb global_colors_info=\u00bb{}\u00bb][et_pb_column type=\u00bb1_2&#8243; _builder_version=\u00bb4.15.1&#8243; _module_preset=\u00bbdefault\u00bb global_colors_info=\u00bb{}\u00bb][et_pb_text _builder_version=\u00bb4.15.1&#8243; _module_preset=\u00bbdefault\u00bb text_text_color=\u00bb#000000&#8243; text_font_size=\u00bb17px\u00bb header_2_font=\u00bbAmiri||||||||\u00bb text_orientation=\u00bbjustified\u00bb hover_enabled=\u00bb0&#8243; global_colors_info=\u00bb{}\u00bb sticky_enabled=\u00bb0&#8243;]<\/p>\n<p>Contrataci\u00f3n de colaboradores locales, respecto a los derechos humanos, promoci\u00f3n del turismo responsable facilitando el desarrollo econ\u00f3mico y cultural de comunidades regionales, son algunas de las acciones que nuestra empresa ha tomado en compromiso con nuestra comunidad<\/p>\n<p>[\/et_pb_text][\/et_pb_column][et_pb_column type=\u00bb1_2&#8243; _builder_version=\u00bb4.15.1&#8243; _module_preset=\u00bbdefault\u00bb global_colors_info=\u00bb{}\u00bb][et_pb_text _builder_version=\u00bb4.15.1&#8243; _module_preset=\u00bbdefault\u00bb text_text_color=\u00bb#000000&#8243; text_font_size=\u00bb17px\u00bb header_2_font=\u00bbAmiri||||||||\u00bb text_orientation=\u00bbjustified\u00bb hover_enabled=\u00bb0&#8243; global_colors_info=\u00bb{}\u00bb sticky_enabled=\u00bb0&#8243;]<\/p>\n<p>para conocer m\u00e1s, puedes consultar nuestro Reporte de Responsabilidad Social 2018<\/p>\n<p>[\/et_pb_text][\/et_pb_column][\/et_pb_row][et_pb_row _builder_version=\u00bb4.15.1&#8243; _module_preset=\u00bbdefault\u00bb global_colors_info=\u00bb{}\u00bb][et_pb_column type=\u00bb4_4&#8243; _builder_version=\u00bb4.15.1&#8243; _module_preset=\u00bbdefault\u00bb global_colors_info=\u00bb{}\u00bb][et_pb_image src=\u00bbhttps:\/\/plantillas.red2000.com.mx\/royalvillasresort\/wp-content\/uploads\/2023\/04\/f5.jpeg\u00bb title_text=\u00bbf5&#8243; module_id=\u00bbsocial\u00bb _builder_version=\u00bb4.15.1&#8243; _module_preset=\u00bbdefault\u00bb global_colors_info=\u00bb{}\u00bb][\/et_pb_image][\/et_pb_column][\/et_pb_row][et_pb_row column_structure=\u00bb1_2,1_2&#8243; _builder_version=\u00bb4.15.1&#8243; _module_preset=\u00bbdefault\u00bb global_colors_info=\u00bb{}\u00bb][et_pb_column type=\u00bb1_2&#8243; _builder_version=\u00bb4.15.1&#8243; _module_preset=\u00bbdefault\u00bb global_colors_info=\u00bb{}\u00bb][et_pb_text _builder_version=\u00bb4.15.1&#8243; _module_preset=\u00bbdefault\u00bb text_text_color=\u00bb#000000&#8243; text_font_size=\u00bb17px\u00bb header_2_font=\u00bbKenoky|||on|||||\u00bb header_2_text_color=\u00bb#00233a\u00bb text_orientation=\u00bbjustified\u00bb hover_enabled=\u00bb0&#8243; global_colors_info=\u00bb{}\u00bb sticky_enabled=\u00bb0&#8243;]<\/p>\n<h2>Por una playa limpia<\/h2>\n<p>Esta actividad promueve valores y pr\u00e1cticas de responsabilidad ambiental, cont\u00f3 con la participaci\u00f3n de nuestros colaboradores, p\u00fablico en general y para agradable sorpresa: \u00a1nuestros hu\u00e9spedes!<\/p>\n<p>Se impartieron talleres de separaci\u00f3n de residuos y se entreg\u00f3 un kit a cada voluntario para recoger la basura, juntos recorrimos 1.4 kil\u00f3metros de playa.<\/p>\n<p>[\/et_pb_text][et_pb_image src=\u00bbhttps:\/\/plantillas.red2000.com.mx\/royalvillasresort\/wp-content\/uploads\/2023\/04\/logo1.jpeg\u00bb title_text=\u00bblogo1&#8243; align=\u00bbcenter\u00bb _builder_version=\u00bb4.15.1&#8243; _module_preset=\u00bbdefault\u00bb global_colors_info=\u00bb{}\u00bb][\/et_pb_image][\/et_pb_column][et_pb_column type=\u00bb1_2&#8243; _builder_version=\u00bb4.15.1&#8243; _module_preset=\u00bbdefault\u00bb global_colors_info=\u00bb{}\u00bb][et_pb_text _builder_version=\u00bb4.15.1&#8243; _module_preset=\u00bbdefault\u00bb text_text_color=\u00bb#000000&#8243; text_font_size=\u00bb17px\u00bb header_2_font=\u00bbKenoky|||on|||||\u00bb header_2_text_color=\u00bb#00233a\u00bb text_orientation=\u00bbjustified\u00bb hover_enabled=\u00bb0&#8243; global_colors_info=\u00bb{}\u00bb sticky_enabled=\u00bb0&#8243;]<\/p>\n<h2>Alianza ambiental<\/h2>\n<p>El Centro de Investigaci\u00f3n en Alimentaci\u00f3n y Desarrollo A.C. (CIAD) es una instituci\u00f3n con presencia nacional que realiza y difunde investigaci\u00f3n en diversos rubros, particularmente en Mazatl\u00e1n, Sinaloa se encuentra la coordinaci\u00f3n de acuicultura y manejo ambiental. Gracias al convenio firmado con el CIAD, hemos realizado algunas actividades como:<\/p>\n<ul>\n<li>Limpieza del Estero del Yugo, zona de conservaci\u00f3n ecol\u00f3gica decretada as\u00ed por el Gobierno Federal.<\/li>\n<li>Pl\u00e1ticas informativas sobre \u00e1reas de conservaci\u00f3n ecol\u00f3gica.<\/li>\n<li>Promoci\u00f3n de turismo en \u00e1reas naturales, particularmente con avistamiento de aves.<\/li>\n<\/ul>\n<p>[\/et_pb_text][et_pb_image src=\u00bbhttps:\/\/plantillas.red2000.com.mx\/royalvillasresort\/wp-content\/uploads\/2023\/04\/logo2.jpeg\u00bb title_text=\u00bblogo2&#8243; align=\u00bbcenter\u00bb _builder_version=\u00bb4.15.1&#8243; _module_preset=\u00bbdefault\u00bb global_colors_info=\u00bb{}\u00bb][\/et_pb_image][\/et_pb_column][\/et_pb_row][et_pb_row column_structure=\u00bb1_2,1_2&#8243; _builder_version=\u00bb4.15.1&#8243; _module_preset=\u00bbdefault\u00bb global_colors_info=\u00bb{}\u00bb][et_pb_column type=\u00bb1_2&#8243; _builder_version=\u00bb4.15.1&#8243; _module_preset=\u00bbdefault\u00bb global_colors_info=\u00bb{}\u00bb][et_pb_text _builder_version=\u00bb4.15.1&#8243; _module_preset=\u00bbdefault\u00bb text_text_color=\u00bb#000000&#8243; text_font_size=\u00bb17px\u00bb header_2_font=\u00bbKenoky|||on|||||\u00bb header_2_text_color=\u00bb#00233a\u00bb text_orientation=\u00bbjustified\u00bb hover_enabled=\u00bb0&#8243; global_colors_info=\u00bb{}\u00bb sticky_enabled=\u00bb0&#8243;]<\/p>\n<h2>Carta de la tierra<\/h2>\n<p>Una declaraci\u00f3n de principios \u00e9ticos fundamentales al que la empresa se ha adherido de manera voluntaria y que sirve como gu\u00eda para el desarrollo de algunos de nuestros programas.<\/p>\n<p>[\/et_pb_text][\/et_pb_column][et_pb_column type=\u00bb1_2&#8243; _builder_version=\u00bb4.15.1&#8243; _module_preset=\u00bbdefault\u00bb global_colors_info=\u00bb{}\u00bb][et_pb_text _builder_version=\u00bb4.15.1&#8243; _module_preset=\u00bbdefault\u00bb text_text_color=\u00bb#000000&#8243; text_font_size=\u00bb17px\u00bb header_2_font=\u00bbKenoky|||on|||||\u00bb header_2_text_color=\u00bb#00233a\u00bb text_orientation=\u00bbjustified\u00bb hover_enabled=\u00bb0&#8243; global_colors_info=\u00bb{}\u00bb sticky_enabled=\u00bb0&#8243;]<\/p>\n<h2>Hoteleria Sustentable<\/h2>\n<p>Implementar buenas pr\u00e1cticas ambientales ha facilitado logros significativos en el ahorro de agua, gas y energ\u00eda el\u00e9ctrica, reduciendo nuestro impacto ambiental; ello gracias al compromiso de nuestros colaboradores y la participaci\u00f3n de nuestros hu\u00e9spedes.<\/p>\n<p>[\/et_pb_text][et_pb_image src=\u00bbhttps:\/\/plantillas.red2000.com.mx\/royalvillasresort\/wp-content\/uploads\/2023\/04\/log.jpeg\u00bb title_text=\u00bblog\u00bb align=\u00bbcenter\u00bb _builder_version=\u00bb4.15.1&#8243; _module_preset=\u00bbdefault\u00bb global_colors_info=\u00bb{}\u00bb][\/et_pb_image][\/et_pb_column][\/et_pb_row][et_pb_row _builder_version=\u00bb4.15.1&#8243; _module_preset=\u00bbdefault\u00bb global_colors_info=\u00bb{}\u00bb][et_pb_column type=\u00bb4_4&#8243; _builder_version=\u00bb4.15.1&#8243; _module_preset=\u00bbdefault\u00bb global_colors_info=\u00bb{}\u00bb][et_pb_text _builder_version=\u00bb4.15.1&#8243; _module_preset=\u00bbdefault\u00bb text_font=\u00bbAmiri||||||||\u00bb header_2_font=\u00bb|||on|||||\u00bb header_2_text_color=\u00bb#00233a\u00bb header_2_font_size=\u00bb32px\u00bb global_colors_info=\u00bb{}\u00bb]<\/p>\n<h2 style=\"text-align: center;\">Nuestros colaboradores \u201cLos Increibles\u201d<\/h2>\n<p>[\/et_pb_text][\/et_pb_column][\/et_pb_row][et_pb_row column_structure=\u00bb1_2,1_2&#8243; _builder_version=\u00bb4.15.1&#8243; _module_preset=\u00bbdefault\u00bb global_colors_info=\u00bb{}\u00bb][et_pb_column type=\u00bb1_2&#8243; _builder_version=\u00bb4.15.1&#8243; _module_preset=\u00bbdefault\u00bb global_colors_info=\u00bb{}\u00bb][et_pb_text _builder_version=\u00bb4.15.1&#8243; _module_preset=\u00bbdefault\u00bb text_text_color=\u00bb#000000&#8243; text_font_size=\u00bb17px\u00bb header_2_font=\u00bbAmiri||||||||\u00bb text_orientation=\u00bbjustified\u00bb hover_enabled=\u00bb0&#8243; global_colors_info=\u00bb{}\u00bb sticky_enabled=\u00bb0&#8243;]<\/p>\n<p>En nuestro compromiso como Empresa Socialmente Responsable, promovemos una organizaci\u00f3n que cumpla con objetivos sociales, econ\u00f3micos y ambientales. Para la materializaci\u00f3n de los mismos, desarrollamos iniciativas que fortalezcan el esp\u00edritu laboral y personal de nuestros colaboradores.<\/p>\n<p>[\/et_pb_text][\/et_pb_column][et_pb_column type=\u00bb1_2&#8243; _builder_version=\u00bb4.15.1&#8243; _module_preset=\u00bbdefault\u00bb global_colors_info=\u00bb{}\u00bb][et_pb_text _builder_version=\u00bb4.15.1&#8243; _module_preset=\u00bbdefault\u00bb text_text_color=\u00bb#000000&#8243; text_font_size=\u00bb17px\u00bb header_2_font=\u00bbAmiri||||||||\u00bb text_orientation=\u00bbjustified\u00bb hover_enabled=\u00bb0&#8243; global_colors_info=\u00bb{}\u00bb sticky_enabled=\u00bb0&#8243;]<\/p>\n<p>En Hotel Royal Villas Resort tenemos cero tolerancia con el trabajo infantil, por ello la edad m\u00ednima para trabajar en nuestra empresa es de 20 a\u00f1os. As\u00ed mismo nos congratulamos al decir que tenemos colaboradores de 65 a\u00f1os en labores espec\u00edficas y adecuadas a sus condiciones.<\/p>\n<p>Para conocer m\u00e1s, puedes consultar nuestro Reporte de Responsabilidad social 2018<\/p>\n<p>[\/et_pb_text][\/et_pb_column][\/et_pb_row][et_pb_row column_structure=\u00bb1_2,1_2&#8243; _builder_version=\u00bb4.15.1&#8243; _module_preset=\u00bbdefault\u00bb global_colors_info=\u00bb{}\u00bb][et_pb_column type=\u00bb1_2&#8243; _builder_version=\u00bb4.15.1&#8243; _module_preset=\u00bbdefault\u00bb global_colors_info=\u00bb{}\u00bb][et_pb_text _builder_version=\u00bb4.15.1&#8243; _module_preset=\u00bbdefault\u00bb text_text_color=\u00bb#000000&#8243; text_font_size=\u00bb17px\u00bb header_2_font=\u00bbKenoky|||on|||||\u00bb header_2_text_color=\u00bb#00233a\u00bb text_orientation=\u00bbjustified\u00bb hover_enabled=\u00bb0&#8243; global_colors_info=\u00bb{}\u00bb sticky_enabled=\u00bb0&#8243;]<\/p>\n<h2>Codigo de Etica empresarial<\/h2>\n<p>En Hotel Royal Villas Resort creemos que una empresa con fundamentos \u00e9ticos, muestra mayor facilidad para respetar los derechos humanos de sus colaboradores, clientes y proveedores, por ello, formamos el comit\u00e9 de \u00e9tica empresarial mismo que participa activamente en diversas iniciativas y en el desarrollo de pol\u00edticas, manuales, reglamentos que promueven principios \u00e9ticos.<\/p>\n<p>[\/et_pb_text][et_pb_image src=\u00bbhttps:\/\/plantillas.red2000.com.mx\/royalvillasresort\/wp-content\/uploads\/2023\/04\/logo6.jpeg\u00bb title_text=\u00bbWeb\u00bb align=\u00bbcenter\u00bb _builder_version=\u00bb4.15.1&#8243; _module_preset=\u00bbdefault\u00bb global_colors_info=\u00bb{}\u00bb][\/et_pb_image][\/et_pb_column][et_pb_column type=\u00bb1_2&#8243; _builder_version=\u00bb4.15.1&#8243; _module_preset=\u00bbdefault\u00bb global_colors_info=\u00bb{}\u00bb][et_pb_image src=\u00bbhttps:\/\/plantillas.red2000.com.mx\/royalvillasresort\/wp-content\/uploads\/2023\/04\/f6.jpeg\u00bb title_text=\u00bbf6&#8243; align_tablet=\u00bbcenter\u00bb align_phone=\u00bbcenter\u00bb align_last_edited=\u00bbon|phone\u00bb _builder_version=\u00bb4.15.1&#8243; _module_preset=\u00bbdefault\u00bb global_colors_info=\u00bb{}\u00bb][\/et_pb_image][\/et_pb_column][\/et_pb_row][et_pb_row _builder_version=\u00bb4.15.1&#8243; _module_preset=\u00bbdefault\u00bb custom_margin=\u00bb||100px||false|false\u00bb global_colors_info=\u00bb{}\u00bb][et_pb_column type=\u00bb4_4&#8243; _builder_version=\u00bb4.15.1&#8243; _module_preset=\u00bbdefault\u00bb global_colors_info=\u00bb{}\u00bb][et_pb_text module_id=\u00bbreconocimientos\u00bb _builder_version=\u00bb4.15.1&#8243; _module_preset=\u00bbdefault\u00bb text_font=\u00bbKenoky|||on|||||\u00bb header_2_font_size=\u00bb32px\u00bb global_colors_info=\u00bb{}\u00bb]<\/p>\n<h2 style=\"text-align: center;\">Reconocimientos:<\/h2>\n<p>[\/et_pb_text][et_pb_image src=\u00bbhttps:\/\/plantillas.red2000.com.mx\/royalvillasresort\/wp-content\/uploads\/2023\/04\/organigrama.jpeg\u00bb title_text=\u00bbWeb\u00bb align=\u00bbcenter\u00bb _builder_version=\u00bb4.15.1&#8243; _module_preset=\u00bbdefault\u00bb global_colors_info=\u00bb{}\u00bb][\/et_pb_image][\/et_pb_column][\/et_pb_row][\/et_pb_section]<\/p>\n","protected":false},"excerpt":{"rendered":"<p>Responsabilidad Corporativa Nos enfocamos en que nuestros esfuerzos de Responsabilidad Social sean iniciativas concentradas en la inclusi\u00f3n de los diferentes grupos de inter\u00e9s y aportaci\u00f3n a los principios y objetivos planteados por organizaciones internacionales entre los cuales encontramos Pacto Mundial de las Naciones Unidas. Objetivos de Desarrollo Sostenible. Empresa Socialmente Responsable. Carta de la Tierra. [&hellip;]<\/p>\n","protected":false},"author":1,"featured_media":0,"parent":0,"menu_order":0,"comment_status":"closed","ping_status":"closed","template":"","meta":{"_et_pb_use_builder":"on","_et_pb_old_content":"","_et_gb_content_width":""},"_links":{"self":[{"href":"https:\/\/plantillas.red2000.com.mx\/royalvillasresort\/wp-json\/wp\/v2\/pages\/365"}],"collection":[{"href":"https:\/\/plantillas.red2000.com.mx\/royalvillasresort\/wp-json\/wp\/v2\/pages"}],"about":[{"href":"https:\/\/plantillas.red2000.com.mx\/royalvillasresort\/wp-json\/wp\/v2\/types\/page"}],"author":[{"embeddable":true,"href":"https:\/\/plantillas.red2000.com.mx\/royalvillasresort\/wp-json\/wp\/v2\/users\/1"}],"replies":[{"embeddable":true,"href":"https:\/\/plantillas.red2000.com.mx\/royalvillasresort\/wp-json\/wp\/v2\/comments?post=365"}],"version-history":[{"count":13,"href":"https:\/\/plantillas.red2000.com.mx\/royalvillasresort\/wp-json\/wp\/v2\/pages\/365\/revisions"}],"predecessor-version":[{"id":1065,"href":"https:\/\/plantillas.red2000.com.mx\/royalvillasresort\/wp-json\/wp\/v2\/pages\/365\/revisions\/1065"}],"wp:attachment":[{"href":"https:\/\/plantillas.red2000.com.mx\/royalvillasresort\/wp-json\/wp\/v2\/media?parent=365"}],"curies":[{"name":"wp","href":"https:\/\/api.w.org\/{rel}","templated":true}]}}